{"id":23,"date":"2024-09-05T15:14:20","date_gmt":"2024-09-05T13:14:20","guid":{"rendered":"http:\/\/ttkeggt.cluster027.hosting.ovh.net\/?page_id=23"},"modified":"2024-09-05T15:14:20","modified_gmt":"2024-09-05T13:14:20","slug":"sortir","status":"publish","type":"page","link":"https:\/\/frontrunnersparis.org\/index.php\/sortir\/","title":{"rendered":"Sortir"},"content":{"rendered":"\n<p>Les Front Runners de Paris, ce n&rsquo;est pas que de le course \u00e0 pied, c&rsquo;est aussi un sens de la convivalit\u00e9 qui nous est cher.<\/p>\n\n\n\n<h2 class=\"wp-block-heading\"><strong>Festivit\u00e9s et activit\u00e9s culturelles<\/strong><\/h2>\n\n\n\n<p>Chaque ann\u00e9e, de nombreuses activit\u00e9s hors course \u00e0 pied, ouvertes \u00e0 toustes les adh\u00e9rent\u00b7e\u00b7xs, sont propos\u00e9es pour favoriser la convivialit\u00e9 et nous permettre de nous conna\u00eetre \u00e9galement en tenue de ville ! Elles prennent la forme de repas, pique-niques, visites d&rsquo;exposition avec conf\u00e9renciers, sorties au th\u00e9\u00e2tre ou au cin\u00e9ma lanc\u00e9es librement par les membres du club, et notre rendez-vous r\u00e9gulier \u00ab\u00a0Dimanche autour d&rsquo;un livre\u00a0\u00bb (DAL pour les intimes!).<\/p>\n\n\n\n<p>Les Front Runners de Paris, c&rsquo;est aussi la soir\u00e9e de la rentr\u00e9e, la galette des reines et des rois et la soir\u00e9e de la Saint-Valentin !<\/p>\n\n\n\n<p>Le club est \u00e9galement connu pour son fameux brunch de conclusion de la course de la Saint-Valentin, pour un Tea Dance annuel au Tango, et enfin pour sa participation active \u00e0 la Marche des Fiert\u00e9s.<\/p>\n\n\n\n<p>La fibre militante du club s&rsquo;exprime enfin lors du Marathon et du Semi-Marathon de Paris, avec une animation de pom-poms largement visible et appr\u00e9ci\u00e9es des coureur\u00b7se\u00b7xs.<\/p>\n\n\n\n<h2 class=\"wp-block-heading\"><strong>Week-ends et s\u00e9jours<\/strong><\/h2>\n\n\n\n<p>La vie du club, c&rsquo;est aussi la participation \u00e0 de nombreuses comp\u00e9titions. Chaque ann\u00e9e, pr\u00e8s de 15 courses ou trails sont l&rsquo;occasion pour les Front Runners de Paris de se retrouver, r\u00e9guli\u00e8rement pour un week-end entier et loin de Paris. Lors de ces d\u00e9placements, un\u00b7e\u00b7x r\u00e9f\u00e9rent\u00b7e\u00b7x de course coordonne le s\u00e9jour, la \u00ab\u00a0pasta party\u00a0\u00bb de rigueur \u00e0 la veille de la course, et parfois m\u00eame des visites culturelles.<\/p>\n\n\n\n<p>Une d\u00e9l\u00e9gation importante du club se d\u00e9place lors des Gay Games&nbsp;et Eurogames, qui sont l\u00e0 aussi l&rsquo;occasion de mieux se conna\u00eetre par le sport et par la convivialit\u00e9 du groupe.<\/p>\n\n\n\n<p>Chaque ann\u00e9e, un long week-end de ski de fond est organis\u00e9 par le club pour la quarantaine d&rsquo;adh\u00e9rent\u00b7e\u00b7xs int\u00e9ress\u00e9\u00b7e\u00b7xs. Encore une autre fa\u00e7on de se conna\u00eetre dans la joie du sport fait en commun.<\/p>\n","protected":false},"excerpt":{"rendered":"<p>Les Front Runners de Paris, ce n&rsquo;est pas que de le course \u00e0 pied, c&rsquo;est aussi un sens de la [&hellip;]<\/p>\n","protected":false},"author":1,"featured_media":0,"parent":0,"menu_order":0,"comment_status":"closed","ping_status":"closed","template":"","meta":{"site-sidebar-layout":"default","site-content-layout":"","ast-site-content-layout":"default","site-content-style":"default","site-sidebar-style":"default","ast-global-header-display":"","ast-banner-title-visibility":"","ast-main-header-display":"","ast-hfb-above-header-display":"","ast-hfb-below-header-display":"","ast-hfb-mobile-header-display":"","site-post-title":"","ast-breadcrumbs-content":"","ast-featured-img":"","footer-sml-layout":"","theme-transparent-header-meta":"","adv-header-id-meta":"","stick-header-meta":"","header-above-stick-meta":"","header-main-stick-meta":"","header-below-stick-meta":"","astra-migrate-meta-layouts":"default","ast-page-background-enabled":"default","ast-page-background-meta":{"desktop":{"background-color":"var(--ast-global-color-5)","background-image":"","background-repeat":"repeat","background-position":"center center","background-size":"auto","background-attachment":"scroll","background-type":"","background-media":"","overlay-type":"","overlay-color":"","overlay-opacity":"","overlay-gradient":""},"tablet":{"background-color":"","background-image":"","background-repeat":"repeat","background-position":"center center","background-size":"auto","background-attachment":"scroll","background-type":"","background-media":"","overlay-type":"","overlay-color":"","overlay-opacity":"","overlay-gradient":""},"mobile":{"background-color":"","background-image":"","background-repeat":"repeat","background-position":"center center","background-size":"auto","background-attachment":"scroll","background-type":"","background-media":"","overlay-type":"","overlay-color":"","overlay-opacity":"","overlay-gradient":""}},"ast-content-background-meta":{"desktop":{"background-color":"var(--ast-global-color-4)","background-image":"","background-repeat":"repeat","background-position":"center center","background-size":"auto","background-attachment":"scroll","background-type":"","background-media":"","overlay-type":"","overlay-color":"","overlay-opacity":"","overlay-gradient":""},"tablet":{"background-color":"var(--ast-global-color-4)","background-image":"","background-repeat":"repeat","background-position":"center center","background-size":"auto","background-attachment":"scroll","background-type":"","background-media":"","overlay-type":"","overlay-color":"","overlay-opacity":"","overlay-gradient":""},"mobile":{"background-color":"var(--ast-global-color-4)","background-image":"","background-repeat":"repeat","background-position":"center center","background-size":"auto","background-attachment":"scroll","background-type":"","background-media":"","overlay-type":"","overlay-color":"","overlay-opacity":"","overlay-gradient":""}},"footnotes":""},"class_list":["post-23","page","type-page","status-publish","hentry"],"jetpack_sharing_enabled":true,"_links":{"self":[{"href":"https:\/\/frontrunnersparis.org\/index.php\/wp-json\/wp\/v2\/pages\/23","targetHints":{"allow":["GET"]}}],"collection":[{"href":"https:\/\/frontrunnersparis.org\/index.php\/wp-json\/wp\/v2\/pages"}],"about":[{"href":"https:\/\/frontrunnersparis.org\/index.php\/wp-json\/wp\/v2\/types\/page"}],"author":[{"embeddable":true,"href":"https:\/\/frontrunnersparis.org\/index.php\/wp-json\/wp\/v2\/users\/1"}],"replies":[{"embeddable":true,"href":"https:\/\/frontrunnersparis.org\/index.php\/wp-json\/wp\/v2\/comments?post=23"}],"version-history":[{"count":1,"href":"https:\/\/frontrunnersparis.org\/index.php\/wp-json\/wp\/v2\/pages\/23\/revisions"}],"predecessor-version":[{"id":24,"href":"https:\/\/frontrunnersparis.org\/index.php\/wp-json\/wp\/v2\/pages\/23\/revisions\/24"}],"wp:attachment":[{"href":"https:\/\/frontrunnersparis.org\/index.php\/wp-json\/wp\/v2\/media?parent=23"}],"curies":[{"name":"wp","href":"https:\/\/api.w.org\/{rel}","templated":true}]}}