{"id":415,"date":"2025-05-31T21:38:40","date_gmt":"2025-05-31T19:38:40","guid":{"rendered":"http:\/\/ttkeggt.cluster027.hosting.ovh.net\/?page_id=415"},"modified":"2026-02-15T19:52:18","modified_gmt":"2026-02-15T18:52:18","slug":"devenir-benevole","status":"publish","type":"page","link":"https:\/\/frontrunnersparis.org\/index.php\/course-de-la-saint-valentin\/devenir-benevole\/","title":{"rendered":"Devenir b\u00e9n\u00e9vole"},"content":{"rendered":"\n<p>Venez apporter votre dynamisme et votre bonne humeur, et ainsi permettre \u00e0 tous les participant\u00b7e\u00b7s de passer un moment inoubliable sur le parcours de la Saint-Valentin !<\/p>\n\n\n\n<h2 class=\"wp-block-heading\">Nous cherchons des b\u00e9n\u00e9voles pour le vendredi et le samedi.<\/h2>\n\n\n\n<p>Notre course de la St Valentin, c\u2019est :<\/p>\n\n\n\n<ul class=\"wp-block-list\">\n<li>un \u00e9v\u00e9nement important pour la visibilit\u00e9 de nos valeurs&nbsp;<\/li>\n\n\n\n<li>un grand moment de convivialit\u00e9 et de rassemblement<\/li>\n\n\n\n<li>un brunch original et une soir\u00e9e fantastique<\/li>\n<\/ul>\n\n\n\n<p>Alors pour organiser tout cela, il faut des b\u00e9n\u00e9voles, beaucoup de b\u00e9n\u00e9voles, encore plus de b\u00e9n\u00e9voles : pour accueillir, accompagner, ravitailler, consigner, distribuer, animer, signaler, baliser, organiser, cuisiner\u2026&nbsp;<\/p>\n\n\n\n<p>Bonne nouvelle : de nombreux postes de b\u00e9n\u00e9voles sont compatibles avec la participation \u00e0 la course. Vous pouvez b\u00e9n\u00e9voler et courir !<\/p>\n\n\n\n<figure class=\"wp-block-image size-large\"><img decoding=\"async\" src=\"https:\/\/frontrunnersparis.org\/wp-content\/uploads\/2025\/05\/IMG-20250215-WA0015-1024x768.jpg\" alt=\"\"\/><\/figure>\n\n\n\n<p>Si vous avez des ami\u00b7e\u00b7s qui souhaitent int\u00e9grer l\u2019\u00e9quipe des b\u00e9n\u00e9voles, et en particulier des Pom-Poms pour participer \u00e0 l\u2019animation de la course, n\u2019h\u00e9sitez pas \u00e0 les mobiliser : ils\u00b7elles sont les bienvenu\u00b7e\u00b7s !&nbsp;&nbsp;<\/p>\n\n\n\n<p>Un grand merci \u00e0 tous celle\u00b7eux qui ont dit OUI, \u00e0 tous celle\u00b7eux qui vont dire OUI !<\/p>\n\n\n\n<p>Vous pouvez nous contacter pour toute question :&nbsp;<a href=\"mailto:benevolestvalentin@frontrunnersparis.org\" target=\"_blank\" rel=\"noreferrer noopener\">benevolestvalentin@frontrunnersparis.org<\/a><\/p>\n\n\n\n<div class=\"wp-block-columns are-vertically-aligned-center is-layout-flex wp-container-core-columns-is-layout-28f84493 wp-block-columns-is-layout-flex\">\n<div class=\"wp-block-column is-vertically-aligned-center is-layout-flow wp-block-column-is-layout-flow\" style=\"flex-basis:100%\">\n<div class=\"wp-block-columns is-layout-flex wp-container-core-columns-is-layout-28f84493 wp-block-columns-is-layout-flex\">\n<div class=\"wp-block-column is-layout-flow wp-block-column-is-layout-flow\" style=\"flex-basis:66.66%\">\n<p class=\"has-text-align-right\"><sup><sub><mark style=\"background-color:rgba(0, 0, 0, 0);color:#0693e3\" class=\"has-inline-color\">Nous suivre sur les r\u00e9seaux<\/mark><\/sub><\/sup><\/p>\n<\/div>\n\n\n\n<div class=\"wp-block-column is-layout-flow wp-block-column-is-layout-flow\" style=\"flex-basis:33.33%\">\n<ul class=\"wp-block-social-links is-layout-flex wp-block-social-links-is-layout-flex\"><li class=\"wp-social-link wp-social-link-instagram  wp-block-social-link\"><a href=\"https:\/\/www.instagram.com\/coursesaintvalentin\/\" class=\"wp-block-social-link-anchor\"><svg width=\"24\" height=\"24\" viewBox=\"0 0 24 24\" version=\"1.1\" xmlns=\"http:\/\/www.w3.org\/2000\/svg\" aria-hidden=\"true\" focusable=\"false\"><path d=\"M12,4.622c2.403,0,2.688,0.009,3.637,0.052c0.877,0.04,1.354,0.187,1.671,0.31c0.42,0.163,0.72,0.358,1.035,0.673 c0.315,0.315,0.51,0.615,0.673,1.035c0.123,0.317,0.27,0.794,0.31,1.671c0.043,0.949,0.052,1.234,0.052,3.637 s-0.009,2.688-0.052,3.637c-0.04,0.877-0.187,1.354-0.31,1.671c-0.163,0.42-0.358,0.72-0.673,1.035 c-0.315,0.315-0.615,0.51-1.035,0.673c-0.317,0.123-0.794,0.27-1.671,0.31c-0.949,0.043-1.233,0.052-3.637,0.052 s-2.688-0.009-3.637-0.052c-0.877-0.04-1.354-0.187-1.671-0.31c-0.42-0.163-0.72-0.358-1.035-0.673 c-0.315-0.315-0.51-0.615-0.673-1.035c-0.123-0.317-0.27-0.794-0.31-1.671C4.631,14.688,4.622,14.403,4.622,12 s0.009-2.688,0.052-3.637c0.04-0.877,0.187-1.354,0.31-1.671c0.163-0.42,0.358-0.72,0.673-1.035 c0.315-0.315,0.615-0.51,1.035-0.673c0.317-0.123,0.794-0.27,1.671-0.31C9.312,4.631,9.597,4.622,12,4.622 M12,3 C9.556,3,9.249,3.01,8.289,3.054C7.331,3.098,6.677,3.25,6.105,3.472C5.513,3.702,5.011,4.01,4.511,4.511 c-0.5,0.5-0.808,1.002-1.038,1.594C3.25,6.677,3.098,7.331,3.054,8.289C3.01,9.249,3,9.556,3,12c0,2.444,0.01,2.751,0.054,3.711 c0.044,0.958,0.196,1.612,0.418,2.185c0.23,0.592,0.538,1.094,1.038,1.594c0.5,0.5,1.002,0.808,1.594,1.038 c0.572,0.222,1.227,0.375,2.185,0.418C9.249,20.99,9.556,21,12,21s2.751-0.01,3.711-0.054c0.958-0.044,1.612-0.196,2.185-0.418 c0.592-0.23,1.094-0.538,1.594-1.038c0.5-0.5,0.808-1.002,1.038-1.594c0.222-0.572,0.375-1.227,0.418-2.185 C20.99,14.751,21,14.444,21,12s-0.01-2.751-0.054-3.711c-0.044-0.958-0.196-1.612-0.418-2.185c-0.23-0.592-0.538-1.094-1.038-1.594 c-0.5-0.5-1.002-0.808-1.594-1.038c-0.572-0.222-1.227-0.375-2.185-0.418C14.751,3.01,14.444,3,12,3L12,3z M12,7.378 c-2.552,0-4.622,2.069-4.622,4.622S9.448,16.622,12,16.622s4.622-2.069,4.622-4.622S14.552,7.378,12,7.378z M12,15 c-1.657,0-3-1.343-3-3s1.343-3,3-3s3,1.343,3,3S13.657,15,12,15z M16.804,6.116c-0.596,0-1.08,0.484-1.08,1.08 s0.484,1.08,1.08,1.08c0.596,0,1.08-0.484,1.08-1.08S17.401,6.116,16.804,6.116z\"><\/path><\/svg><span class=\"wp-block-social-link-label screen-reader-text\">Instagram<\/span><\/a><\/li>\n\n<li class=\"wp-social-link wp-social-link-facebook  wp-block-social-link\"><a href=\"https:\/\/www.facebook.com\/Course.de.la.Saint.Valentin\/\" class=\"wp-block-social-link-anchor\"><svg width=\"24\" height=\"24\" viewBox=\"0 0 24 24\" version=\"1.1\" xmlns=\"http:\/\/www.w3.org\/2000\/svg\" aria-hidden=\"true\" focusable=\"false\"><path d=\"M12 2C6.5 2 2 6.5 2 12c0 5 3.7 9.1 8.4 9.9v-7H7.9V12h2.5V9.8c0-2.5 1.5-3.9 3.8-3.9 1.1 0 2.2.2 2.2.2v2.5h-1.3c-1.2 0-1.6.8-1.6 1.6V12h2.8l-.4 2.9h-2.3v7C18.3 21.1 22 17 22 12c0-5.5-4.5-10-10-10z\"><\/path><\/svg><span class=\"wp-block-social-link-label screen-reader-text\">Facebook<\/span><\/a><\/li><\/ul>\n<\/div>\n<\/div>\n<\/div>\n<\/div>\n\n\n\n<ul class=\"wp-block-list\">\n<li class=\"has-pale-pink-color has-text-color has-link-color wp-elements-394299613b3f58477b14531785a499c1\" style=\"border-style:none;border-width:0px;padding-right:0;padding-left:0;font-size:14px\"><a href=\"https:\/\/frontrunnersparis.org\/index.php\/course-de-la-saint-valentin\/la-course-de-la-saint-valentin-cest-quoi\/\">En savoir plus sur la course<\/a><\/li>\n\n\n\n<li class=\"has-pale-pink-color has-text-color has-link-color wp-elements-392ab3d1b3ef1b265d7d382fc224fa54\" style=\"border-style:none;border-width:0px;padding-right:0;padding-left:0;font-size:14px\"><a href=\"https:\/\/frontrunnersparis.org\/index.php\/course-de-la-saint-valentin\/inscriptions\/\">S&rsquo;inscrire<\/a><\/li>\n\n\n\n<li class=\"has-pale-pink-color has-text-color has-link-color wp-elements-c076c77f512ae2df75393dc2e1d85bcc\" style=\"border-style:none;border-width:0px;padding-right:0;padding-left:0;font-size:14px\"><a href=\"https:\/\/frontrunnersparis.org\/index.php\/course-de-la-saint-valentin\/parcours-et-programme\/\">Parcours et programme<\/a><\/li>\n\n\n\n<li class=\"has-pale-pink-color has-text-color has-link-color wp-elements-6111a33332e12d776bcbfd053fe7da66\" style=\"border-style:none;border-width:0px;padding-right:0;padding-left:0;font-size:14px\"><a href=\"https:\/\/frontrunnersparis.org\/index.php\/course-de-la-saint-valentin\/resultats-photos\/\">R\u00e9sultats et photos<\/a><\/li>\n\n\n\n<li class=\"has-pale-pink-color has-text-color has-link-color wp-elements-2edba8d587bc8c7e75b2e3bd8c0a1dcb\" style=\"border-style:none;border-width:0px;padding-right:0;padding-left:0;font-size:14px\"><a href=\"https:\/\/frontrunnersparis.org\/index.php\/course-de-la-saint-valentin\/notre-engagement-eco-responsable\/\">Notre engagement \u00e9co-responsable<\/a><\/li>\n\n\n\n<li class=\"has-pale-pink-color has-text-color has-link-color wp-elements-9a5fb0cb41665155f766c1084c1d1c10\" style=\"border-style:none;border-width:0px;padding-right:0;padding-left:0;font-size:14px\"><a href=\"https:\/\/frontrunnersparis.org\/index.php\/course-de-la-saint-valentin\/devenir-benevole\/\">Devenir b\u00e9n\u00e9vole<\/a><\/li>\n\n\n\n<li class=\"has-pale-pink-color has-text-color has-link-color wp-elements-398070e49a81856fc9a61a0e84109691\" style=\"border-style:none;border-width:0px;padding-right:0;padding-left:0;font-size:14px\"><a href=\"https:\/\/frontrunnersparis.org\/index.php\/course-de-la-saint-valentin\/nos-partenaires\/\">Nos partenaires<\/a><\/li>\n\n\n\n<li class=\"has-pale-pink-color has-text-color has-link-color wp-elements-a33f72049f265d952991ed3efe0c4460\" style=\"border-style:none;border-width:0px;padding-right:0;padding-left:0;font-size:14px\"><a href=\"https:\/\/frontrunnersparis.org\/index.php\/course-de-la-saint-valentin\/nos-sponsors\/\">Nos sponsors<\/a><\/li>\n\n\n\n<li class=\"has-pale-pink-color has-text-color has-link-color wp-elements-d8227ad4b51c2336ff24ac0b9380d45d\" style=\"border-style:none;border-width:0px;padding-right:0;padding-left:0;font-size:14px\"><a href=\"https:\/\/frontrunnersparis.org\/index.php\/course-de-la-saint-valentin\/devenir-sponsor\/\">Devenir sponsor<\/a><\/li>\n<\/ul>\n","protected":false},"excerpt":{"rendered":"<p>Venez apporter votre dynamisme et votre bonne humeur, et ainsi permettre \u00e0 tous les participant\u00b7e\u00b7s de passer un moment inoubliable [&hellip;]<\/p>\n","protected":false},"author":1,"featured_media":0,"parent":36,"menu_order":7,"comment_status":"closed","ping_status":"closed","template":"","meta":{"site-sidebar-layout":"default","site-content-layout":"","ast-site-content-layout":"default","site-content-style":"default","site-sidebar-style":"default","ast-global-header-display":"","ast-banner-title-visibility":"","ast-main-header-display":"","ast-hfb-above-header-display":"","ast-hfb-below-header-display":"","ast-hfb-mobile-header-display":"","site-post-title":"","ast-breadcrumbs-content":"","ast-featured-img":"","footer-sml-layout":"","theme-transparent-header-meta":"","adv-header-id-meta":"","stick-header-meta":"","header-above-stick-meta":"","header-main-stick-meta":"","header-below-stick-meta":"","astra-migrate-meta-layouts":"default","ast-page-background-enabled":"default","ast-page-background-meta":{"desktop":{"background-color":"var(--ast-global-color-5)","background-image":"","background-repeat":"repeat","background-position":"center center","background-size":"auto","background-attachment":"scroll","background-type":"","background-media":"","overlay-type":"","overlay-color":"","overlay-opacity":"","overlay-gradient":""},"tablet":{"background-color":"","background-image":"","background-repeat":"repeat","background-position":"center center","background-size":"auto","background-attachment":"scroll","background-type":"","background-media":"","overlay-type":"","overlay-color":"","overlay-opacity":"","overlay-gradient":""},"mobile":{"background-color":"","background-image":"","background-repeat":"repeat","background-position":"center center","background-size":"auto","background-attachment":"scroll","background-type":"","background-media":"","overlay-type":"","overlay-color":"","overlay-opacity":"","overlay-gradient":""}},"ast-content-background-meta":{"desktop":{"background-color":"var(--ast-global-color-4)","background-image":"","background-repeat":"repeat","background-position":"center center","background-size":"auto","background-attachment":"scroll","background-type":"","background-media":"","overlay-type":"","overlay-color":"","overlay-opacity":"","overlay-gradient":""},"tablet":{"background-color":"var(--ast-global-color-4)","background-image":"","background-repeat":"repeat","background-position":"center center","background-size":"auto","background-attachment":"scroll","background-type":"","background-media":"","overlay-type":"","overlay-color":"","overlay-opacity":"","overlay-gradient":""},"mobile":{"background-color":"var(--ast-global-color-4)","background-image":"","background-repeat":"repeat","background-position":"center center","background-size":"auto","background-attachment":"scroll","background-type":"","background-media":"","overlay-type":"","overlay-color":"","overlay-opacity":"","overlay-gradient":""}},"footnotes":""},"class_list":["post-415","page","type-page","status-publish","hentry"],"jetpack_sharing_enabled":true,"_links":{"self":[{"href":"https:\/\/frontrunnersparis.org\/index.php\/wp-json\/wp\/v2\/pages\/415","targetHints":{"allow":["GET"]}}],"collection":[{"href":"https:\/\/frontrunnersparis.org\/index.php\/wp-json\/wp\/v2\/pages"}],"about":[{"href":"https:\/\/frontrunnersparis.org\/index.php\/wp-json\/wp\/v2\/types\/page"}],"author":[{"embeddable":true,"href":"https:\/\/frontrunnersparis.org\/index.php\/wp-json\/wp\/v2\/users\/1"}],"replies":[{"embeddable":true,"href":"https:\/\/frontrunnersparis.org\/index.php\/wp-json\/wp\/v2\/comments?post=415"}],"version-history":[{"count":5,"href":"https:\/\/frontrunnersparis.org\/index.php\/wp-json\/wp\/v2\/pages\/415\/revisions"}],"predecessor-version":[{"id":1316,"href":"https:\/\/frontrunnersparis.org\/index.php\/wp-json\/wp\/v2\/pages\/415\/revisions\/1316"}],"up":[{"embeddable":true,"href":"https:\/\/frontrunnersparis.org\/index.php\/wp-json\/wp\/v2\/pages\/36"}],"wp:attachment":[{"href":"https:\/\/frontrunnersparis.org\/index.php\/wp-json\/wp\/v2\/media?parent=415"}],"curies":[{"name":"wp","href":"https:\/\/api.w.org\/{rel}","templated":true}]}}