{"id":45,"date":"2024-09-06T14:12:15","date_gmt":"2024-09-06T12:12:15","guid":{"rendered":"http:\/\/ttkeggt.cluster027.hosting.ovh.net\/?page_id=45"},"modified":"2025-08-05T12:03:13","modified_gmt":"2025-08-05T10:03:13","slug":"nos-actions-militantes","status":"publish","type":"page","link":"https:\/\/frontrunnersparis.org\/index.php\/nos-actions-militantes\/","title":{"rendered":"Nos actions militantes"},"content":{"rendered":"\n<figure class=\"wp-block-image aligncenter size-large is-resized\"><img decoding=\"async\" src=\"https:\/\/frontrunnersparis.org\/wp-content\/uploads\/2024\/09\/2023-06-1024x768.jpg\" alt=\"\" style=\"width:742px;height:auto\"\/><\/figure>\n\n\n\n<h2 class=\"wp-block-heading\"><strong>La Marche des Fiert\u00e9s<\/strong><\/h2>\n\n\n\n<p>Tous les ans, les Front Runners de Paris est pr\u00e9sente \u00e0 la Marche des Fiert\u00e9s avec des associations amies : Les S\u00e9ropotes et Grimpe &amp; Glisse.<\/p>\n\n\n\n<p>C&rsquo;est un moment important pour les communaut\u00e9s homosexuelles, bi, trans, queer et leurs alli\u00e9\u00b7e\u00b7xs, un \u00e9v\u00e9nement unique dans l\u2019ann\u00e9e, qui remet le th\u00e8me de l\u2019homosexualit\u00e9 sur la place publique et am\u00e8ne chacun\u00b7e\u00b7x, citoyen\u00b7ne\u00b7x ou \u00e9lu\u00b7e\u00b7x, \u00e0 se positionner par rapport \u00e0 ce sujet, et ce faisant, \u00e0 le sortir de l\u2019anonymat.&nbsp; C&rsquo;est aussi un moment important pour les Front Runners de Paris. C&rsquo;est un des moments o\u00f9 l&rsquo;aspect \u00ab\u00a0militer contre les discriminations\u00a0\u00bb, cher \u00e0 notre&nbsp; club, prend toute son ampleur. C&rsquo;est une journ\u00e9e o\u00f9 nous nous retrouvons, ensemble, en groupe, en \u00e9quipe, en dehors des stades et des courses.&nbsp; Les Front Runners de Paris y participent pour faire exister le club dans son action militante, pour \u0153uvrer \u00e0 la visibilit\u00e9 de toustes et \u00e0 la visibilit\u00e9 du club dans le tissu associatif militant LGBTQIA+.<\/p>\n\n\n\n<p>C\u2019est l\u2019occasion de d\u00e9fendre les valeurs qui nous unissent, respect de la diff\u00e9rence, rejet des exclusions, \u00e9galit\u00e9 des droits. Des valeurs universelles que chacun\u00b7e\u00b7x, quelle que soit son orientation sexuelle, peut porter. La lutte contre les discriminations \u00ab&nbsp;concerne&nbsp;\u00bb tout le monde&nbsp;!<\/p>\n\n\n\n<h2 class=\"wp-block-heading\"><strong>L\u2019Inter-LGBT<\/strong><\/h2>\n\n\n\n<p>Les Front Runners de Paris sont adh\u00e9rents \u00e0 l\u2019Inter-LGBT qui est une interassociative lesbienne, gaie, bi et trans. Cr\u00e9\u00e9e sous le nom de Lesbian &amp; Gay Pride Ile-de-France en 1999, l\u2019inter-LGBT participe \u00e0 un mouvement qui, depuis 30 ans, inscrit sur la place publique la question de l\u2019orientation et de l\u2019identit\u00e9 de genre, par le biais de manifestations revendicatives \u00e0 caract\u00e8re festif.&nbsp; Son but est de lutter contre les discriminations fond\u00e9es sur les m\u0153urs, l\u2019orientation ou l\u2019identit\u00e9 de genre, dans le cadre de la promotion des droits humains et des libert\u00e9s fondamentales. Comment&nbsp;? Elle organise la Marche des fiert\u00e9s, le Printemps des assoces (conf\u00e9rence et salon) et d\u2019autres interventions publiques&nbsp;; elle participe au dialogue politique et social&nbsp;; elle soutient des projets inter-associatifs et favorise \u00e0 la fois la visibilit\u00e9 des associations LGBTQIA+ et l\u2019\u00e9mergence d\u2019une strat\u00e9gie collective.<\/p>\n\n\n\n<p>Les Front Runners de Paris soutiennent les positions de l\u2019inter-LGBT et participent aux diff\u00e9rents \u00e9v\u00e9nements organis\u00e9s : Marche de l\u2019Existrans en octobre, journ\u00e9e mondiale contre le SIDA, journ\u00e9e mondiale de lutte contre l\u2019homophobie, etc.<\/p>\n\n\n\n<p>Lien vers le site web de l\u2019Inter-LGBT&nbsp;: <a href=\"http:\/\/www.inter-lgbt.org\" target=\"_blank\" rel=\"noreferrer noopener\">www.inter-lgbt.org<\/a><\/p>\n\n\n\n<h2 class=\"wp-block-heading\"><strong>La Charte Sport &amp; Trans<\/strong><\/h2>\n\n\n\n<p>Les Front Runners de Paris ont sign\u00e9 la<strong>&nbsp;charte Sport &amp; Trans<\/strong>, port\u00e9e en grande partie par notre ancien pr\u00e9sident J\u00e9r\u00f4me W, au sein de la FSGLGBT+.<\/p>\n\n\n\n<p>Lien vers la <a href=\"http:\/\/frontrunnersparis.org\/files\/uploads\/Charte_Trans_sign\u00e9e-83607.pdf\" target=\"_blank\" rel=\"noreferrer noopener\">charte sign\u00e9e par le club<\/a>. Ou l&rsquo;<a href=\"https:\/\/www.fsgl.org\/index.php\/2018\/06\/29\/contact-france-signe-la-charte-sport-et-trans-elaboree-par-la-fsgl\/\" target=\"_blank\" rel=\"noreferrer noopener\">original de la charte<\/a> sur le site de la FSGLBT+.<\/p>\n\n\n\n<h2 class=\"wp-block-heading\"><strong>Gay Games&nbsp;et Eurogames<\/strong><\/h2>\n\n\n\n<p>Les Front Runners de Paris participent aux Gay Games&nbsp;et aux Eurogames. Dans l&rsquo;esprit de son cr\u00e9ateur, Tom Wadell, les Gay Games sont un \u00e9v\u00e9nement sportif ouvert \u00e0 toustes, sans aucune discrimination li\u00e9e au sexe, \u00e0 l\u2019\u00e2ge, \u00e0 l\u2019origine, \u00e0 la capacit\u00e9 individuelle ou \u00e0 l\u2019orientation sexuelle. Les Gay Games entendent promouvoir une image positive de l\u2019homosexualit\u00e9 et pr\u00f4nent les valeurs d\u2019inclusion, de participation et de meilleur de soi-m\u00eame.<\/p>\n\n\n\n<p>Les dernier <a href=\"https:\/\/eurogames2024.at\" target=\"_blank\" rel=\"noreferrer noopener\">Eurogames<\/a> ont eu lieu \u00e0 Lyon (France) du 17&nbsp;au 20 juillet&nbsp;2025.<\/p>\n\n\n\n<p>Les prochains seront organis\u00e9s \u00e0 Cardiff ( Pays de Galle) en juillet 2026 !<\/p>\n\n\n\n<p>Les Front Runners de Paris, tout comme en 2018 \u00e0 Paris, porteront haut et fi\u00e9rement les couleurs et les valeurs des Gay Games pour faire en sorte que ces jeux soient les plus proches possibles de ce que Tom Wadell, le cr\u00e9ateur des Gay Games aurait voulu. La prochaine \u00e9dition aura lieu cette ann\u00e9e \u00e0 Valence (Espagne) du 27 juin au 4 juillet 2026.<\/p>\n\n\n\n<p>Pour en savoir plus&nbsp;: lien vers <a href=\"http:\/\/frontrunnersparis.org\/files\/uploads\/valeurs_gay_games-414693.pdf\" target=\"_blank\" rel=\"noreferrer noopener\">article sur les valeurs des Gay Games<\/a>.<\/p>\n","protected":false},"excerpt":{"rendered":"<p>La Marche des Fiert\u00e9s Tous les ans, les Front Runners de Paris est pr\u00e9sente \u00e0 la Marche des Fiert\u00e9s avec [&hellip;]<\/p>\n","protected":false},"author":1,"featured_media":0,"parent":0,"menu_order":0,"comment_status":"closed","ping_status":"closed","template":"","meta":{"site-sidebar-layout":"default","site-content-layout":"","ast-site-content-layout":"default","site-content-style":"default","site-sidebar-style":"default","ast-global-header-display":"","ast-banner-title-visibility":"","ast-main-header-display":"","ast-hfb-above-header-display":"","ast-hfb-below-header-display":"","ast-hfb-mobile-header-display":"","site-post-title":"","ast-breadcrumbs-content":"","ast-featured-img":"","footer-sml-layout":"","theme-transparent-header-meta":"","adv-header-id-meta":"","stick-header-meta":"","header-above-stick-meta":"","header-main-stick-meta":"","header-below-stick-meta":"","astra-migrate-meta-layouts":"default","ast-page-background-enabled":"default","ast-page-background-meta":{"desktop":{"background-color":"var(--ast-global-color-5)","background-image":"","background-repeat":"repeat","background-position":"center center","background-size":"auto","background-attachment":"scroll","background-type":"","background-media":"","overlay-type":"","overlay-color":"","overlay-opacity":"","overlay-gradient":""},"tablet":{"background-color":"","background-image":"","background-repeat":"repeat","background-position":"center center","background-size":"auto","background-attachment":"scroll","background-type":"","background-media":"","overlay-type":"","overlay-color":"","overlay-opacity":"","overlay-gradient":""},"mobile":{"background-color":"","background-image":"","background-repeat":"repeat","background-position":"center center","background-size":"auto","background-attachment":"scroll","background-type":"","background-media":"","overlay-type":"","overlay-color":"","overlay-opacity":"","overlay-gradient":""}},"ast-content-background-meta":{"desktop":{"background-color":"var(--ast-global-color-4)","background-image":"","background-repeat":"repeat","background-position":"center center","background-size":"auto","background-attachment":"scroll","background-type":"","background-media":"","overlay-type":"","overlay-color":"","overlay-opacity":"","overlay-gradient":""},"tablet":{"background-color":"var(--ast-global-color-4)","background-image":"","background-repeat":"repeat","background-position":"center center","background-size":"auto","background-attachment":"scroll","background-type":"","background-media":"","overlay-type":"","overlay-color":"","overlay-opacity":"","overlay-gradient":""},"mobile":{"background-color":"var(--ast-global-color-4)","background-image":"","background-repeat":"repeat","background-position":"center center","background-size":"auto","background-attachment":"scroll","background-type":"","background-media":"","overlay-type":"","overlay-color":"","overlay-opacity":"","overlay-gradient":""}},"footnotes":""},"class_list":["post-45","page","type-page","status-publish","hentry"],"jetpack_sharing_enabled":true,"_links":{"self":[{"href":"https:\/\/frontrunnersparis.org\/index.php\/wp-json\/wp\/v2\/pages\/45","targetHints":{"allow":["GET"]}}],"collection":[{"href":"https:\/\/frontrunnersparis.org\/index.php\/wp-json\/wp\/v2\/pages"}],"about":[{"href":"https:\/\/frontrunnersparis.org\/index.php\/wp-json\/wp\/v2\/types\/page"}],"author":[{"embeddable":true,"href":"https:\/\/frontrunnersparis.org\/index.php\/wp-json\/wp\/v2\/users\/1"}],"replies":[{"embeddable":true,"href":"https:\/\/frontrunnersparis.org\/index.php\/wp-json\/wp\/v2\/comments?post=45"}],"version-history":[{"count":7,"href":"https:\/\/frontrunnersparis.org\/index.php\/wp-json\/wp\/v2\/pages\/45\/revisions"}],"predecessor-version":[{"id":1149,"href":"https:\/\/frontrunnersparis.org\/index.php\/wp-json\/wp\/v2\/pages\/45\/revisions\/1149"}],"wp:attachment":[{"href":"https:\/\/frontrunnersparis.org\/index.php\/wp-json\/wp\/v2\/media?parent=45"}],"curies":[{"name":"wp","href":"https:\/\/api.w.org\/{rel}","templated":true}]}}