{"id":5,"date":"2024-09-05T14:52:07","date_gmt":"2024-09-05T12:52:07","guid":{"rendered":"http:\/\/ttkeggt.cluster027.hosting.ovh.net\/?page_id=5"},"modified":"2024-09-05T14:53:37","modified_gmt":"2024-09-05T12:53:37","slug":"courir-et-militer","status":"publish","type":"page","link":"https:\/\/frontrunnersparis.org\/index.php\/courir-et-militer\/","title":{"rendered":"Courir et Militer"},"content":{"rendered":"\n<p><strong>Front Runners de Paris<\/strong> est une association de course \u00e0 pied fond\u00e9e en 1992, et compos\u00e9e aujourd\u2019hui de plus de 500 membres. Notre club est ouvert \u00e0 toustes, sans discrimination&nbsp;: quels&nbsp;que soient ton orientation sexuelle, ton genre, ton statut s\u00e9rologique, ton niveau en sport ou ton \u00e2ge,&nbsp;tu trouveras ta place dans notre club.&nbsp;<\/p>\n\n\n\n<p>Le montant de l\u2019adh\u00e9sion est de <strong>30\u20ac l\u2019ann\u00e9e<\/strong>, ou <strong>13\u20ac au tarif r\u00e9duit<\/strong>. Il est \u00e9galement possible de souscrire via le club une licence FFA, atthl\u00e9 running (loisir) ou athl\u00e9 comp\u00e9tition. Si tu&nbsp;souhaites&nbsp;garder le contact avec le club sans pour autant courir, inscris-toi en tant que membre <strong>sympathisant\u00b7e\u00b7x pour 10\u20ac<\/strong> l\u2019ann\u00e9e.<\/p>\n","protected":false},"excerpt":{"rendered":"<p>Front Runners de Paris est une association de course \u00e0 pied fond\u00e9e en 1992, et compos\u00e9e aujourd\u2019hui de plus de [&hellip;]<\/p>\n","protected":false},"author":1,"featured_media":8,"parent":0,"menu_order":0,"comment_status":"closed","ping_status":"closed","template":"","meta":{"site-sidebar-layout":"default","site-content-layout":"","ast-site-content-layout":"default","site-content-style":"default","site-sidebar-style":"default","ast-global-header-display":"","ast-banner-title-visibility":"","ast-main-header-display":"","ast-hfb-above-header-display":"","ast-hfb-below-header-display":"","ast-hfb-mobile-header-display":"","site-post-title":"","ast-breadcrumbs-content":"","ast-featured-img":"","footer-sml-layout":"","theme-transparent-header-meta":"","adv-header-id-meta":"","stick-header-meta":"","header-above-stick-meta":"","header-main-stick-meta":"","header-below-stick-meta":"","astra-migrate-meta-layouts":"default","ast-page-background-enabled":"default","ast-page-background-meta":{"desktop":{"background-color":"var(--ast-global-color-5)","background-image":"","background-repeat":"repeat","background-position":"center center","background-size":"auto","background-attachment":"scroll","background-type":"","background-media":"","overlay-type":"","overlay-color":"","overlay-opacity":"","overlay-gradient":""},"tablet":{"background-color":"","background-image":"","background-repeat":"repeat","background-position":"center center","background-size":"auto","background-attachment":"scroll","background-type":"","background-media":"","overlay-type":"","overlay-color":"","overlay-opacity":"","overlay-gradient":""},"mobile":{"background-color":"","background-image":"","background-repeat":"repeat","background-position":"center center","background-size":"auto","background-attachment":"scroll","background-type":"","background-media":"","overlay-type":"","overlay-color":"","overlay-opacity":"","overlay-gradient":""}},"ast-content-background-meta":{"desktop":{"background-color":"var(--ast-global-color-4)","background-image":"","background-repeat":"repeat","background-position":"center center","background-size":"auto","background-attachment":"scroll","background-type":"","background-media":"","overlay-type":"","overlay-color":"","overlay-opacity":"","overlay-gradient":""},"tablet":{"background-color":"var(--ast-global-color-4)","background-image":"","background-repeat":"repeat","background-position":"center center","background-size":"auto","background-attachment":"scroll","background-type":"","background-media":"","overlay-type":"","overlay-color":"","overlay-opacity":"","overlay-gradient":""},"mobile":{"background-color":"var(--ast-global-color-4)","background-image":"","background-repeat":"repeat","background-position":"center center","background-size":"auto","background-attachment":"scroll","background-type":"","background-media":"","overlay-type":"","overlay-color":"","overlay-opacity":"","overlay-gradient":""}},"footnotes":""},"class_list":["post-5","page","type-page","status-publish","has-post-thumbnail","hentry"],"jetpack_sharing_enabled":true,"_links":{"self":[{"href":"https:\/\/frontrunnersparis.org\/index.php\/wp-json\/wp\/v2\/pages\/5","targetHints":{"allow":["GET"]}}],"collection":[{"href":"https:\/\/frontrunnersparis.org\/index.php\/wp-json\/wp\/v2\/pages"}],"about":[{"href":"https:\/\/frontrunnersparis.org\/index.php\/wp-json\/wp\/v2\/types\/page"}],"author":[{"embeddable":true,"href":"https:\/\/frontrunnersparis.org\/index.php\/wp-json\/wp\/v2\/users\/1"}],"replies":[{"embeddable":true,"href":"https:\/\/frontrunnersparis.org\/index.php\/wp-json\/wp\/v2\/comments?post=5"}],"version-history":[{"count":1,"href":"https:\/\/frontrunnersparis.org\/index.php\/wp-json\/wp\/v2\/pages\/5\/revisions"}],"predecessor-version":[{"id":7,"href":"https:\/\/frontrunnersparis.org\/index.php\/wp-json\/wp\/v2\/pages\/5\/revisions\/7"}],"wp:featuredmedia":[{"embeddable":true,"href":"https:\/\/frontrunnersparis.org\/index.php\/wp-json\/wp\/v2\/media\/8"}],"wp:attachment":[{"href":"https:\/\/frontrunnersparis.org\/index.php\/wp-json\/wp\/v2\/media?parent=5"}],"curies":[{"name":"wp","href":"https:\/\/api.w.org\/{rel}","templated":true}]}}