{"id":884,"date":"2025-07-04T18:39:36","date_gmt":"2025-07-04T16:39:36","guid":{"rendered":"https:\/\/ttkeggt.cluster027.hosting.ovh.net\/?page_id=884"},"modified":"2025-08-08T11:37:16","modified_gmt":"2025-08-08T09:37:16","slug":"test","status":"publish","type":"page","link":"https:\/\/frontrunnersparis.org\/","title":{"rendered":"Accueil"},"content":{"rendered":"\n<h2 class=\"wp-block-heading\">Bienvenue sur le site des Front Runners de Paris !<\/h2>\n\n\n\n<p>Bienvenue sur le site des Front Runners de Paris !<\/p>\n\n\n\n<p>Forte de plus de 30 ans d&rsquo;existence, l&rsquo;association les Front Runners de Paris propose toute l&rsquo;ann\u00e9e \u00e0 ses 630 adh\u00e9rent.e.x.s de tr\u00e8s nombreux entra\u00eenements de course \u00e0 pied sur route ou en trail. Toujours au rendez-vous de la d\u00e9fense des droits des personnes LGBTQIA+, les Front Runners de Paris \u0153uvre \u00e0 offrir un cadre bienveillant et respectueux \u00e0 toute personne quelque soit son orientation sexuelle, son identit\u00e9 de genre ou son expression de genre. Int\u00e9gralement g\u00e9r\u00e9e par des b\u00e9n\u00e9voles, les Front Runners de Paris permet \u00e0 chacun.e d&rsquo;apporter son temps pour faire vivre la mission de l&rsquo;association, le tout gr\u00e2ce \u00e0 une organisation rod\u00e9e et \u00e9prouv\u00e9e au fil des ann\u00e9es. Et comme une mission, c&rsquo;est avant tout des personnes et des rencontres, les Front Runners de Paris offre de tr\u00e8s nombreux moments de convivialit\u00e9 qui permettent \u00e0 tou.te.x.s de s&rsquo;ins\u00e9rer facilement dans son collectif.<\/p>\n\n\n\n<p>Vous rencontrerez aux Front Runners de Paris des personnes courant un footing le dimanche comme des traileurs chevronn\u00e9s capables de courir plus de 300km : cela participe du formidable \u00e9change autour de la course \u00e0 pied au fil des entra\u00eenements, le tout dans un contexte LGBTQIA+. Pour celles et ceux qui&nbsp; souhaitent, les Front Runners de Paris offrent aussi des week-end de courses sur route ou trail pr\u00e8s de Paris ou en France qui sont autant d&rsquo;occasions de pratiquer son sport pr\u00e9f\u00e9r\u00e9 en toute convivialit\u00e9.<\/p>\n\n\n\n<p>Que vous soyez LGBTQIA+ ou alli\u00e9.e.x, soyez les bienvenu.e.x.s aux Front Runners de Paris !<\/p>\n\n\n\n<p>M\u00e9lanie&nbsp;<\/p>\n\n\n\n<p>Pr\u00e9sidente des Front Runners de Paris<\/p>\n\n\n\n<p><\/p>\n","protected":false},"excerpt":{"rendered":"<p>Bienvenue sur le site des Front Runners de Paris ! Bienvenue sur le site des Front Runners de Paris ! [&hellip;]<\/p>\n","protected":false},"author":4,"featured_media":0,"parent":0,"menu_order":0,"comment_status":"closed","ping_status":"closed","template":"","meta":{"site-sidebar-layout":"default","site-content-layout":"","ast-site-content-layout":"default","site-content-style":"default","site-sidebar-style":"default","ast-global-header-display":"","ast-banner-title-visibility":"","ast-main-header-display":"","ast-hfb-above-header-display":"","ast-hfb-below-header-display":"","ast-hfb-mobile-header-display":"","site-post-title":"disabled","ast-breadcrumbs-content":"","ast-featured-img":"","footer-sml-layout":"","theme-transparent-header-meta":"","adv-header-id-meta":"","stick-header-meta":"","header-above-stick-meta":"","header-main-stick-meta":"","header-below-stick-meta":"","astra-migrate-meta-layouts":"default","ast-page-background-enabled":"default","ast-page-background-meta":{"desktop":{"background-color":"var(--ast-global-color-5)","background-image":"","background-repeat":"repeat","background-position":"center center","background-size":"auto","background-attachment":"scroll","background-type":"","background-media":"","overlay-type":"","overlay-color":"","overlay-opacity":"","overlay-gradient":""},"tablet":{"background-color":"","background-image":"","background-repeat":"repeat","background-position":"center center","background-size":"auto","background-attachment":"scroll","background-type":"","background-media":"","overlay-type":"","overlay-color":"","overlay-opacity":"","overlay-gradient":""},"mobile":{"background-color":"","background-image":"","background-repeat":"repeat","background-position":"center center","background-size":"auto","background-attachment":"scroll","background-type":"","background-media":"","overlay-type":"","overlay-color":"","overlay-opacity":"","overlay-gradient":""}},"ast-content-background-meta":{"desktop":{"background-color":"var(--ast-global-color-4)","background-image":"","background-repeat":"repeat","background-position":"center center","background-size":"auto","background-attachment":"scroll","background-type":"","background-media":"","overlay-type":"","overlay-color":"","overlay-opacity":"","overlay-gradient":""},"tablet":{"background-color":"var(--ast-global-color-4)","background-image":"","background-repeat":"repeat","background-position":"center center","background-size":"auto","background-attachment":"scroll","background-type":"","background-media":"","overlay-type":"","overlay-color":"","overlay-opacity":"","overlay-gradient":""},"mobile":{"background-color":"var(--ast-global-color-4)","background-image":"","background-repeat":"repeat","background-position":"center center","background-size":"auto","background-attachment":"scroll","background-type":"","background-media":"","overlay-type":"","overlay-color":"","overlay-opacity":"","overlay-gradient":""}},"footnotes":""},"class_list":["post-884","page","type-page","status-publish","hentry"],"jetpack_sharing_enabled":true,"_links":{"self":[{"href":"https:\/\/frontrunnersparis.org\/index.php\/wp-json\/wp\/v2\/pages\/884","targetHints":{"allow":["GET"]}}],"collection":[{"href":"https:\/\/frontrunnersparis.org\/index.php\/wp-json\/wp\/v2\/pages"}],"about":[{"href":"https:\/\/frontrunnersparis.org\/index.php\/wp-json\/wp\/v2\/types\/page"}],"author":[{"embeddable":true,"href":"https:\/\/frontrunnersparis.org\/index.php\/wp-json\/wp\/v2\/users\/4"}],"replies":[{"embeddable":true,"href":"https:\/\/frontrunnersparis.org\/index.php\/wp-json\/wp\/v2\/comments?post=884"}],"version-history":[{"count":6,"href":"https:\/\/frontrunnersparis.org\/index.php\/wp-json\/wp\/v2\/pages\/884\/revisions"}],"predecessor-version":[{"id":1156,"href":"https:\/\/frontrunnersparis.org\/index.php\/wp-json\/wp\/v2\/pages\/884\/revisions\/1156"}],"wp:attachment":[{"href":"https:\/\/frontrunnersparis.org\/index.php\/wp-json\/wp\/v2\/media?parent=884"}],"curies":[{"name":"wp","href":"https:\/\/api.w.org\/{rel}","templated":true}]}}